{"id":628,"date":"2019-10-29T16:51:12","date_gmt":"2019-10-29T23:51:12","guid":{"rendered":"https:\/\/www.classtime.com\/press\/?page_id=628"},"modified":"2019-10-29T16:54:18","modified_gmt":"2019-10-29T23:54:18","slug":"multimedia-2","status":"publish","type":"page","link":"https:\/\/www.classtime.com\/press\/de\/multimedia-2\/","title":{"rendered":"Multimedia"},"content":{"rendered":"<p>S\u00e4mtliche Medien auf dieser Seite d\u00fcrfen f\u00fcr Artikel, Blogs, Videos, Profile, und Medien mit unserem Einverst\u00e4ndnis genutzt werden.<\/p>\n<p><strong>Classtime Monogramm<\/strong><\/p>\n<p><a href=\"https:\/\/s3.amazonaws.com\/assets.gopollock.com\/Classtime+monogram_800px.png\"><img loading=\"lazy\" decoding=\"async\" class=\"alignnone wp-image-443 size-thumbnail\" src=\"https:\/\/press.classtime.com\/wp-content\/uploads\/2018\/08\/android-chrome-512x512-150x150.png\" alt=\"Classtime\" width=\"150\" height=\"150\" srcset=\"https:\/\/press.classtime.com\/wp-content\/uploads\/2018\/08\/android-chrome-512x512-150x150.png 150w, https:\/\/press.classtime.com\/wp-content\/uploads\/2018\/08\/android-chrome-512x512-300x300.png 300w, https:\/\/press.classtime.com\/wp-content\/uploads\/2018\/08\/android-chrome-512x512-60x60.png 60w, https:\/\/press.classtime.com\/wp-content\/uploads\/2018\/08\/android-chrome-512x512.png 512w\" sizes=\"auto, (max-width: 150px) 100vw, 150px\" \/><\/a><br \/>\nZum Herunterladen, auf das Bild klicken.<\/p>\n<p><strong><br \/>\nClasstime Logo<\/strong><\/p>\n<p><a href=\"https:\/\/s3.amazonaws.com\/assets.gopollock.com\/Classtime+logo_2096px.png\"><img loading=\"lazy\" decoding=\"async\" class=\"alignnone wp-image-447 size-medium\" src=\"https:\/\/press.classtime.com\/wp-content\/uploads\/2018\/08\/Classtime-logo_2096px-300x52.png\" alt=\"Classtime Logo\" width=\"300\" height=\"52\" srcset=\"https:\/\/press.classtime.com\/wp-content\/uploads\/2018\/08\/Classtime-logo_2096px-300x52.png 300w, https:\/\/press.classtime.com\/wp-content\/uploads\/2018\/08\/Classtime-logo_2096px-768x132.png 768w, https:\/\/press.classtime.com\/wp-content\/uploads\/2018\/08\/Classtime-logo_2096px-1024x176.png 1024w\" sizes=\"auto, (max-width: 300px) 100vw, 300px\" \/><\/a><br \/>\nZum Herunterladen, auf das Bild klicken.<\/p>\n","protected":false},"excerpt":{"rendered":"<p>S\u00e4mtliche Medien auf dieser Seite d\u00fcrfen f\u00fcr Artikel, Blogs, Videos, Profile, und Medien mit unserem Einverst\u00e4ndnis genutzt werden. Classtime Monogramm Zum Herunterladen, auf das Bild klicken. Classtime Logo Zum Herunterladen, auf das Bild klicken.<\/p>\n","protected":false},"author":1,"featured_media":0,"parent":0,"menu_order":0,"comment_status":"closed","ping_status":"closed","template":"","meta":{"footnotes":""},"class_list":["post-628","page","type-page","status-publish","hentry"],"yoast_head":"<!-- This site is optimized with the Yoast SEO plugin v26.8 - https:\/\/yoast.com\/product\/yoast-seo-wordpress\/ -->\n<title>Multimedia - Classtime<\/title>\n<meta name=\"description\" content=\"Selected multimedia resources of Classtime for usage in online and offline media, published books, research papers, and other education resources.\" \/>\n<meta name=\"robots\" content=\"index, follow, max-snippet:-1, max-image-preview:large, max-video-preview:-1\" \/>\n<link rel=\"canonical\" href=\"https:\/\/www.classtime.com\/press\/de\/multimedia-2\/\" \/>\n<meta property=\"og:locale\" content=\"en_US\" \/>\n<meta property=\"og:type\" content=\"article\" \/>\n<meta property=\"og:title\" content=\"Multimedia - Classtime\" \/>\n<meta property=\"og:description\" content=\"Selected multimedia resources of Classtime for usage in online and offline media, published books, research papers, and other education resources.\" \/>\n<meta property=\"og:url\" content=\"https:\/\/www.classtime.com\/press\/de\/multimedia-2\/\" \/>\n<meta property=\"og:site_name\" content=\"Classtime\" \/>\n<meta property=\"article:publisher\" content=\"https:\/\/www.facebook.com\/classtime\/\" \/>\n<meta property=\"article:modified_time\" content=\"2019-10-29T23:54:18+00:00\" \/>\n<meta property=\"og:image\" content=\"https:\/\/press.classtime.com\/wp-content\/uploads\/2018\/08\/android-chrome-512x512-150x150.png\" \/>\n<meta name=\"twitter:card\" content=\"summary_large_image\" \/>\n<meta name=\"twitter:site\" content=\"@classtimecom\" \/>\n<script type=\"application\/ld+json\" class=\"yoast-schema-graph\">{\"@context\":\"https:\/\/schema.org\",\"@graph\":[{\"@type\":\"WebPage\",\"@id\":\"https:\/\/www.classtime.com\/press\/de\/multimedia-2\/\",\"url\":\"https:\/\/www.classtime.com\/press\/de\/multimedia-2\/\",\"name\":\"Multimedia - Classtime\",\"isPartOf\":{\"@id\":\"https:\/\/www.classtime.com\/press\/#website\"},\"primaryImageOfPage\":{\"@id\":\"https:\/\/www.classtime.com\/press\/de\/multimedia-2\/#primaryimage\"},\"image\":{\"@id\":\"https:\/\/www.classtime.com\/press\/de\/multimedia-2\/#primaryimage\"},\"thumbnailUrl\":\"https:\/\/press.classtime.com\/wp-content\/uploads\/2018\/08\/android-chrome-512x512-150x150.png\",\"datePublished\":\"2019-10-29T23:51:12+00:00\",\"dateModified\":\"2019-10-29T23:54:18+00:00\",\"description\":\"Selected multimedia resources of Classtime for usage in online and offline media, published books, research papers, and other education resources.\",\"breadcrumb\":{\"@id\":\"https:\/\/www.classtime.com\/press\/de\/multimedia-2\/#breadcrumb\"},\"inLanguage\":\"en-US\",\"potentialAction\":[{\"@type\":\"ReadAction\",\"target\":[\"https:\/\/www.classtime.com\/press\/de\/multimedia-2\/\"]}]},{\"@type\":\"ImageObject\",\"inLanguage\":\"en-US\",\"@id\":\"https:\/\/www.classtime.com\/press\/de\/multimedia-2\/#primaryimage\",\"url\":\"https:\/\/press.classtime.com\/wp-content\/uploads\/2018\/08\/android-chrome-512x512-150x150.png\",\"contentUrl\":\"https:\/\/press.classtime.com\/wp-content\/uploads\/2018\/08\/android-chrome-512x512-150x150.png\"},{\"@type\":\"BreadcrumbList\",\"@id\":\"https:\/\/www.classtime.com\/press\/de\/multimedia-2\/#breadcrumb\",\"itemListElement\":[{\"@type\":\"ListItem\",\"position\":1,\"name\":\"Home\",\"item\":\"https:\/\/www.classtime.com\/press\/\"},{\"@type\":\"ListItem\",\"position\":2,\"name\":\"Multimedia\"}]},{\"@type\":\"WebSite\",\"@id\":\"https:\/\/www.classtime.com\/press\/#website\",\"url\":\"https:\/\/www.classtime.com\/press\/\",\"name\":\"Classtime\",\"description\":\"Classtime press releases, news mentions, and media kits.\",\"publisher\":{\"@id\":\"https:\/\/www.classtime.com\/press\/#organization\"},\"potentialAction\":[{\"@type\":\"SearchAction\",\"target\":{\"@type\":\"EntryPoint\",\"urlTemplate\":\"https:\/\/www.classtime.com\/press\/?s={search_term_string}\"},\"query-input\":{\"@type\":\"PropertyValueSpecification\",\"valueRequired\":true,\"valueName\":\"search_term_string\"}}],\"inLanguage\":\"en-US\"},{\"@type\":\"Organization\",\"@id\":\"https:\/\/www.classtime.com\/press\/#organization\",\"name\":\"Classtime\",\"url\":\"https:\/\/www.classtime.com\/press\/\",\"logo\":{\"@type\":\"ImageObject\",\"inLanguage\":\"en-US\",\"@id\":\"https:\/\/www.classtime.com\/press\/#\/schema\/logo\/image\/\",\"url\":\"https:\/\/press.classtime.com\/wp-content\/uploads\/2018\/08\/classtime.png\",\"contentUrl\":\"https:\/\/press.classtime.com\/wp-content\/uploads\/2018\/08\/classtime.png\",\"width\":800,\"height\":400,\"caption\":\"Classtime\"},\"image\":{\"@id\":\"https:\/\/www.classtime.com\/press\/#\/schema\/logo\/image\/\"},\"sameAs\":[\"https:\/\/www.facebook.com\/classtime\/\",\"https:\/\/x.com\/classtimecom\",\"https:\/\/www.instagram.com\/classtimecom\/\",\"https:\/\/www.linkedin.com\/company\/classtimecom\/\",\"http:\/\/youtube.com\/c\/classtime\"]}]}<\/script>\n<!-- \/ Yoast SEO plugin. -->","yoast_head_json":{"title":"Multimedia - Classtime","description":"Selected multimedia resources of Classtime for usage in online and offline media, published books, research papers, and other education resources.","robots":{"index":"index","follow":"follow","max-snippet":"max-snippet:-1","max-image-preview":"max-image-preview:large","max-video-preview":"max-video-preview:-1"},"canonical":"https:\/\/www.classtime.com\/press\/de\/multimedia-2\/","og_locale":"en_US","og_type":"article","og_title":"Multimedia - Classtime","og_description":"Selected multimedia resources of Classtime for usage in online and offline media, published books, research papers, and other education resources.","og_url":"https:\/\/www.classtime.com\/press\/de\/multimedia-2\/","og_site_name":"Classtime","article_publisher":"https:\/\/www.facebook.com\/classtime\/","article_modified_time":"2019-10-29T23:54:18+00:00","og_image":[{"url":"https:\/\/press.classtime.com\/wp-content\/uploads\/2018\/08\/android-chrome-512x512-150x150.png","type":"","width":"","height":""}],"twitter_card":"summary_large_image","twitter_site":"@classtimecom","schema":{"@context":"https:\/\/schema.org","@graph":[{"@type":"WebPage","@id":"https:\/\/www.classtime.com\/press\/de\/multimedia-2\/","url":"https:\/\/www.classtime.com\/press\/de\/multimedia-2\/","name":"Multimedia - Classtime","isPartOf":{"@id":"https:\/\/www.classtime.com\/press\/#website"},"primaryImageOfPage":{"@id":"https:\/\/www.classtime.com\/press\/de\/multimedia-2\/#primaryimage"},"image":{"@id":"https:\/\/www.classtime.com\/press\/de\/multimedia-2\/#primaryimage"},"thumbnailUrl":"https:\/\/press.classtime.com\/wp-content\/uploads\/2018\/08\/android-chrome-512x512-150x150.png","datePublished":"2019-10-29T23:51:12+00:00","dateModified":"2019-10-29T23:54:18+00:00","description":"Selected multimedia resources of Classtime for usage in online and offline media, published books, research papers, and other education resources.","breadcrumb":{"@id":"https:\/\/www.classtime.com\/press\/de\/multimedia-2\/#breadcrumb"},"inLanguage":"en-US","potentialAction":[{"@type":"ReadAction","target":["https:\/\/www.classtime.com\/press\/de\/multimedia-2\/"]}]},{"@type":"ImageObject","inLanguage":"en-US","@id":"https:\/\/www.classtime.com\/press\/de\/multimedia-2\/#primaryimage","url":"https:\/\/press.classtime.com\/wp-content\/uploads\/2018\/08\/android-chrome-512x512-150x150.png","contentUrl":"https:\/\/press.classtime.com\/wp-content\/uploads\/2018\/08\/android-chrome-512x512-150x150.png"},{"@type":"BreadcrumbList","@id":"https:\/\/www.classtime.com\/press\/de\/multimedia-2\/#breadcrumb","itemListElement":[{"@type":"ListItem","position":1,"name":"Home","item":"https:\/\/www.classtime.com\/press\/"},{"@type":"ListItem","position":2,"name":"Multimedia"}]},{"@type":"WebSite","@id":"https:\/\/www.classtime.com\/press\/#website","url":"https:\/\/www.classtime.com\/press\/","name":"Classtime","description":"Classtime press releases, news mentions, and media kits.","publisher":{"@id":"https:\/\/www.classtime.com\/press\/#organization"},"potentialAction":[{"@type":"SearchAction","target":{"@type":"EntryPoint","urlTemplate":"https:\/\/www.classtime.com\/press\/?s={search_term_string}"},"query-input":{"@type":"PropertyValueSpecification","valueRequired":true,"valueName":"search_term_string"}}],"inLanguage":"en-US"},{"@type":"Organization","@id":"https:\/\/www.classtime.com\/press\/#organization","name":"Classtime","url":"https:\/\/www.classtime.com\/press\/","logo":{"@type":"ImageObject","inLanguage":"en-US","@id":"https:\/\/www.classtime.com\/press\/#\/schema\/logo\/image\/","url":"https:\/\/press.classtime.com\/wp-content\/uploads\/2018\/08\/classtime.png","contentUrl":"https:\/\/press.classtime.com\/wp-content\/uploads\/2018\/08\/classtime.png","width":800,"height":400,"caption":"Classtime"},"image":{"@id":"https:\/\/www.classtime.com\/press\/#\/schema\/logo\/image\/"},"sameAs":["https:\/\/www.facebook.com\/classtime\/","https:\/\/x.com\/classtimecom","https:\/\/www.instagram.com\/classtimecom\/","https:\/\/www.linkedin.com\/company\/classtimecom\/","http:\/\/youtube.com\/c\/classtime"]}]}},"_links":{"self":[{"href":"https:\/\/www.classtime.com\/press\/wp-json\/wp\/v2\/pages\/628","targetHints":{"allow":["GET"]}}],"collection":[{"href":"https:\/\/www.classtime.com\/press\/wp-json\/wp\/v2\/pages"}],"about":[{"href":"https:\/\/www.classtime.com\/press\/wp-json\/wp\/v2\/types\/page"}],"author":[{"embeddable":true,"href":"https:\/\/www.classtime.com\/press\/wp-json\/wp\/v2\/users\/1"}],"replies":[{"embeddable":true,"href":"https:\/\/www.classtime.com\/press\/wp-json\/wp\/v2\/comments?post=628"}],"version-history":[{"count":3,"href":"https:\/\/www.classtime.com\/press\/wp-json\/wp\/v2\/pages\/628\/revisions"}],"predecessor-version":[{"id":632,"href":"https:\/\/www.classtime.com\/press\/wp-json\/wp\/v2\/pages\/628\/revisions\/632"}],"wp:attachment":[{"href":"https:\/\/www.classtime.com\/press\/wp-json\/wp\/v2\/media?parent=628"}],"curies":[{"name":"wp","href":"https:\/\/api.w.org\/{rel}","templated":true}]}}